{"id":2,"date":"2025-11-05T20:50:59","date_gmt":"2025-11-05T20:50:59","guid":{"rendered":"https:\/\/bahnhofgrillundpizzeria.com\/?page_id=2"},"modified":"2025-12-15T15:48:03","modified_gmt":"2025-12-15T15:48:03","slug":"sample-page","status":"publish","type":"page","link":"https:\/\/bahnhofgrillundpizzeria.com\/index.php\/sample-page\/","title":{"rendered":"Herzlich Willkommen !"},"content":{"rendered":"\n<figure class=\"wp-block-image size-large\"><img loading=\"lazy\" decoding=\"async\" width=\"1024\" height=\"328\" src=\"https:\/\/bahnhofgrillundpizzeria.com\/wp-content\/uploads\/2025\/11\/WhatsApp-Bild-2025-11-03-um-18.47.13_afabc7c5-1024x328.jpg\" alt=\"\" class=\"wp-image-8\" srcset=\"https:\/\/bahnhofgrillundpizzeria.com\/wp-content\/uploads\/2025\/11\/WhatsApp-Bild-2025-11-03-um-18.47.13_afabc7c5-1024x328.jpg 1024w, https:\/\/bahnhofgrillundpizzeria.com\/wp-content\/uploads\/2025\/11\/WhatsApp-Bild-2025-11-03-um-18.47.13_afabc7c5-300x96.jpg 300w, https:\/\/bahnhofgrillundpizzeria.com\/wp-content\/uploads\/2025\/11\/WhatsApp-Bild-2025-11-03-um-18.47.13_afabc7c5-768x246.jpg 768w, https:\/\/bahnhofgrillundpizzeria.com\/wp-content\/uploads\/2025\/11\/WhatsApp-Bild-2025-11-03-um-18.47.13_afabc7c5-1536x492.jpg 1536w, https:\/\/bahnhofgrillundpizzeria.com\/wp-content\/uploads\/2025\/11\/WhatsApp-Bild-2025-11-03-um-18.47.13_afabc7c5.jpg 2048w\" sizes=\"auto, (max-width: 1024px) 100vw, 1024px\" \/><\/figure>\n\n\n\n<p class=\"has-text-align-center\"><strong>Qualit\u00e4t ist unsere St\u00e4rke<\/strong><\/p>\n\n\n\n<p class=\"has-text-align-center\"><strong>Bei uns bekommt Ihr lecker:<\/strong><\/p>\n\n\n\n<p class=\"has-text-align-center\"><strong>D\u00f6ner &#8211; Pizza &#8211; Pasta &#8211; Fastfood &#8211; Salate &#8211; Calzone<\/strong><\/p>\n\n\n\n<p class=\"has-text-align-center\"><strong>Croque &#8211; Pide<\/strong><\/p>\n\n\n\n<p><strong>Unsere So\u00dfen:<\/strong><\/p>\n\n\n\n<p class=\"has-text-align-center\"><strong>Knoblauch &#8211; Chilli &#8211; S\u00fc\u00df Sauer &#8211; Kr\u00e4uter &#8211; Curry<\/strong><\/p>\n\n\n\n<p><strong>Unsere \u00d6ffnungszeiten:<\/strong><\/p>\n\n\n\n<p class=\"has-text-align-center\"><strong>Montag-Samstag 10:30 Uhr &#8211; 22:00 Uhr<\/strong><\/p>\n\n\n\n<p class=\"has-text-align-center\"><strong>Sonntag 12:00 Uhr &#8211; 22:00 Uhr<\/strong><\/p>\n\n\n\n<p><strong>Unser Liefer-Service innerhalb der \u00d6ffnungszeiten:<\/strong><\/p>\n\n\n\n<p class=\"has-text-align-center\"><strong>Innerhalb Ludwiglust \u20ac 25.- Mindestbestellwert<\/strong><\/p>\n\n\n\n<p class=\"has-text-align-center\"><strong>Lieferung \u20ac 3.-<\/strong><\/p>\n\n\n\n<p class=\"has-text-align-center\"><strong>Au\u00dferhalb 10 Km Umkreis &#8211; \u20ac 40.- Mindestbestellwert<\/strong><\/p>\n\n\n\n<p class=\"has-text-align-center\"><strong>Lieferung \u20ac 10.-<\/strong><\/p>\n\n\n\n<p><\/p>\n\n\n<ul class=\"wp-block-page-list\"><li class=\"wp-block-pages-list__item\"><a class=\"wp-block-pages-list__item__link\" href=\"https:\/\/bahnhofgrillundpizzeria.com\/index.php\/sample-page\/\">Herzlich Willkommen !<\/a><\/li><li class=\"wp-block-pages-list__item\"><a class=\"wp-block-pages-list__item__link\" href=\"https:\/\/bahnhofgrillundpizzeria.com\/index.php\/impressum\/\">Impressum<\/a><\/li><\/ul>\n\n\n<p>.<\/p>\n\n\n\n<p>.<\/p>\n","protected":false},"excerpt":{"rendered":"<p>Qualit\u00e4t ist unsere St\u00e4rke Bei uns bekommt Ihr lecker: D\u00f6ner &#8211; Pizza &#8211; Pasta &#8211; Fastfood &#8211; Salate &#8211; Calzone Croque &#8211; Pide Unsere So\u00dfen: Knoblauch &#8211; Chilli &#8211; S\u00fc\u00df Sauer &#8211; Kr\u00e4uter &#8211; Curry Unsere \u00d6ffnungszeiten: Montag-Samstag 10:30 Uhr &#8211; 22:00 Uhr Sonntag 12:00 Uhr &#8211; 22:00 Uhr Unser Liefer-Service innerhalb der \u00d6ffnungszeiten: Innerhalb [&hellip;]<\/p>\n","protected":false},"author":1,"featured_media":0,"parent":0,"menu_order":0,"comment_status":"closed","ping_status":"closed","template":"","meta":{"footnotes":""},"class_list":["post-2","page","type-page","status-publish","hentry"],"_links":{"self":[{"href":"https:\/\/bahnhofgrillundpizzeria.com\/index.php\/wp-json\/wp\/v2\/pages\/2","targetHints":{"allow":["GET"]}}],"collection":[{"href":"https:\/\/bahnhofgrillundpizzeria.com\/index.php\/wp-json\/wp\/v2\/pages"}],"about":[{"href":"https:\/\/bahnhofgrillundpizzeria.com\/index.php\/wp-json\/wp\/v2\/types\/page"}],"author":[{"embeddable":true,"href":"https:\/\/bahnhofgrillundpizzeria.com\/index.php\/wp-json\/wp\/v2\/users\/1"}],"replies":[{"embeddable":true,"href":"https:\/\/bahnhofgrillundpizzeria.com\/index.php\/wp-json\/wp\/v2\/comments?post=2"}],"version-history":[{"count":10,"href":"https:\/\/bahnhofgrillundpizzeria.com\/index.php\/wp-json\/wp\/v2\/pages\/2\/revisions"}],"predecessor-version":[{"id":59,"href":"https:\/\/bahnhofgrillundpizzeria.com\/index.php\/wp-json\/wp\/v2\/pages\/2\/revisions\/59"}],"wp:attachment":[{"href":"https:\/\/bahnhofgrillundpizzeria.com\/index.php\/wp-json\/wp\/v2\/media?parent=2"}],"curies":[{"name":"wp","href":"https:\/\/api.w.org\/{rel}","templated":true}]}}